{"id":10969,"date":"2024-04-26T12:32:10","date_gmt":"2024-04-26T17:32:10","guid":{"rendered":"https:\/\/abcsupply.ca\/services\/securite-et-conformite\/"},"modified":"2024-04-26T12:32:12","modified_gmt":"2024-04-26T17:32:12","slug":"securite-et-conformite","status":"publish","type":"page","link":"https:\/\/www-dev.abcsupply.ca\/fr-ca\/services\/securite-et-conformite\/","title":{"rendered":"S\u00e9curit\u00e9 et conformit\u00e9"},"content":{"rendered":"&#13;\n<h2 class=\"wp-block-heading\">Safety First And Always<\/h2>&#13;\n&#13;\n<p>Since safety is one of your top priorities, we\u2019re committed to preventing accidents, training employees and adhering to all safety protocols. Here\u2019s our take on what it takes to get the job done safely\u2014and right.<\/p>&#13;\n&#13;\n<ul class=\"wp-block-list\">&#13;\n<li>We believe that all accidents are preventable and that safety is everyone\u2019s responsibility.<\/li>&#13;\n<li>Associates are trained to perform jobs safely, efficiently and effectively.<\/li>&#13;\n<li>Safety goes well beyond basic compliance.<\/li>&#13;\n<li>Encouraging excellence in safety stimulates performance improvements.<\/li>&#13;\n<li>No job is completed successfully unless it is completed safely.<\/li>&#13;\n<\/ul>&#13;\n&#13;\n<p>For more information, download the <a href=\"https:\/\/abcsupply.com\/wp-content\/uploads\/2021\/09\/abc_safetybrchr_final.pdf\" target=\"_blank\" rel=\"noreferrer noopener\">Safety Brochure<\/a>.<\/p>&#13;\n<div class=\"wp-bootstrap-blocks-row row\">\n\t\r\n\r\n\n<div class=\"col-12 col-md-4\">\n\t\t\t\r\n\r\n&#13;\n<figure class=\"wp-block-image size-full img-fluid\"><img fetchpriority=\"high\" decoding=\"async\" width=\"680\" height=\"680\" src=\"https:\/\/abcsupply.com\/wp-content\/uploads\/2021\/10\/ABC106-073-SAFETY2.jpg\" alt=\"Roofing Installer Next To Orange Cones and Caution Tape\" class=\"wp-image-2613\" srcset=\"https:\/\/www-dev.abcsupply.ca\/wp-content\/uploads\/2021\/10\/ABC106-073-SAFETY2.jpg 680w, https:\/\/www-dev.abcsupply.ca\/wp-content\/uploads\/2021\/10\/ABC106-073-SAFETY2-300x300.jpg 300w, https:\/\/www-dev.abcsupply.ca\/wp-content\/uploads\/2021\/10\/ABC106-073-SAFETY2-150x150.jpg 150w, https:\/\/www-dev.abcsupply.ca\/wp-content\/uploads\/2021\/10\/ABC106-073-SAFETY2-360x360.jpg 360w, https:\/\/www-dev.abcsupply.ca\/wp-content\/uploads\/2021\/10\/ABC106-073-SAFETY2-432x432.jpg 432w\" sizes=\"(max-width: 680px) 100vw, 680px\" \/><\/figure>&#13;\n\t<\/div>\n\r\n\r\n\n<div class=\"col-12 col-md-4\">\n\t\t\t\r\n\r\n&#13;\n<figure class=\"wp-block-image size-full img-fluid\"><img decoding=\"async\" width=\"683\" height=\"683\" src=\"https:\/\/abcsupply.com\/wp-content\/uploads\/2021\/09\/ABC344-4034_17_3-SAFETY01.jpg\" alt=\"ABC Supply Driver Carrying Orange Cones\" class=\"wp-image-2072\" srcset=\"https:\/\/www-dev.abcsupply.ca\/wp-content\/uploads\/2021\/09\/ABC344-4034_17_3-SAFETY01.jpg 683w, https:\/\/www-dev.abcsupply.ca\/wp-content\/uploads\/2021\/09\/ABC344-4034_17_3-SAFETY01-300x300.jpg 300w, https:\/\/www-dev.abcsupply.ca\/wp-content\/uploads\/2021\/09\/ABC344-4034_17_3-SAFETY01-150x150.jpg 150w, https:\/\/www-dev.abcsupply.ca\/wp-content\/uploads\/2021\/09\/ABC344-4034_17_3-SAFETY01-360x360.jpg 360w, https:\/\/www-dev.abcsupply.ca\/wp-content\/uploads\/2021\/09\/ABC344-4034_17_3-SAFETY01-432x432.jpg 432w\" sizes=\"(max-width: 683px) 100vw, 683px\" \/><\/figure>&#13;\n\t<\/div>\n\r\n\r\n\n<div class=\"col-12 col-md-4\">\n\t\t\t\r\n\r\n&#13;\n<figure class=\"wp-block-image size-full img-fluid\"><img decoding=\"async\" width=\"683\" height=\"683\" src=\"https:\/\/abcsupply.com\/wp-content\/uploads\/2021\/09\/ABC293-3030-SAFETY03.jpg\" alt=\"Rooftop Delivery with Crane and Contractor with Red Hard Hat\" class=\"wp-image-2073\" srcset=\"https:\/\/www-dev.abcsupply.ca\/wp-content\/uploads\/2021\/09\/ABC293-3030-SAFETY03.jpg 683w, https:\/\/www-dev.abcsupply.ca\/wp-content\/uploads\/2021\/09\/ABC293-3030-SAFETY03-300x300.jpg 300w, https:\/\/www-dev.abcsupply.ca\/wp-content\/uploads\/2021\/09\/ABC293-3030-SAFETY03-150x150.jpg 150w, https:\/\/www-dev.abcsupply.ca\/wp-content\/uploads\/2021\/09\/ABC293-3030-SAFETY03-360x360.jpg 360w, https:\/\/www-dev.abcsupply.ca\/wp-content\/uploads\/2021\/09\/ABC293-3030-SAFETY03-432x432.jpg 432w\" sizes=\"(max-width: 683px) 100vw, 683px\" \/><\/figure>&#13;\n\t<\/div>\n<\/div>\n","protected":false},"excerpt":{"rendered":"<p>&#13; Safety First And Always &#13; &#13; Since safety is one of your top priorities, we\u2019re committed to preventing accidents, training employees and adhering to [&hellip;]<\/p>\n","protected":false},"author":1,"featured_media":11304,"parent":10716,"menu_order":0,"comment_status":"closed","ping_status":"closed","template":"","meta":{"_acf_changed":false,"inline_featured_image":false,"footnotes":""},"class_list":["post-10969","page","type-page","status-publish","has-post-thumbnail","hentry"],"acf":[],"yoast_head":"<!-- This site is optimized with the Yoast SEO plugin v27.5 - https:\/\/yoast.com\/product\/yoast-seo-wordpress\/ -->\n<title>S\u00e9curit\u00e9 et conformit\u00e9 - ABC Supply<\/title>\n<meta name=\"robots\" content=\"noindex, follow, max-snippet:-1, max-image-preview:large, max-video-preview:-1\" \/>\n<meta property=\"og:locale\" content=\"fr_CA\" \/>\n<meta property=\"og:type\" content=\"article\" \/>\n<meta property=\"og:title\" content=\"S\u00e9curit\u00e9 et conformit\u00e9 - ABC Supply\" \/>\n<meta property=\"og:description\" content=\"&#013; Safety First And Always &#013; &#013; Since safety is one of your top priorities, we\u2019re committed to preventing accidents, training employees and adhering to [&hellip;]\" \/>\n<meta property=\"og:url\" content=\"https:\/\/www-dev.abcsupply.ca\/fr-ca\/services\/securite-et-conformite\/\" \/>\n<meta property=\"og:site_name\" content=\"ABC Supply\" \/>\n<meta property=\"article:modified_time\" content=\"2024-04-26T17:32:12+00:00\" \/>\n<meta property=\"og:image\" content=\"https:\/\/www-dev.abcsupply.ca\/wp-content\/uploads\/2024\/07\/Featured-Image-9-Safety-2.jpg\" \/>\n\t<meta property=\"og:image:width\" content=\"1200\" \/>\n\t<meta property=\"og:image:height\" content=\"383\" \/>\n\t<meta property=\"og:image:type\" content=\"image\/jpeg\" \/>\n<meta name=\"twitter:card\" content=\"summary_large_image\" \/>\n<script type=\"application\/ld+json\" class=\"yoast-schema-graph\">{\"@context\":\"https:\\\/\\\/schema.org\",\"@graph\":[{\"@type\":\"WebPage\",\"@id\":\"https:\\\/\\\/www-dev.abcsupply.ca\\\/fr-ca\\\/services\\\/securite-et-conformite\\\/\",\"url\":\"https:\\\/\\\/www-dev.abcsupply.ca\\\/fr-ca\\\/services\\\/securite-et-conformite\\\/\",\"name\":\"S\u00e9curit\u00e9 et conformit\u00e9 - ABC Supply\",\"isPartOf\":{\"@id\":\"https:\\\/\\\/www-dev.abcsupply.ca\\\/fr-ca\\\/#website\"},\"primaryImageOfPage\":{\"@id\":\"https:\\\/\\\/www-dev.abcsupply.ca\\\/fr-ca\\\/services\\\/securite-et-conformite\\\/#primaryimage\"},\"image\":{\"@id\":\"https:\\\/\\\/www-dev.abcsupply.ca\\\/fr-ca\\\/services\\\/securite-et-conformite\\\/#primaryimage\"},\"thumbnailUrl\":\"https:\\\/\\\/www-dev.abcsupply.ca\\\/wp-content\\\/uploads\\\/2024\\\/07\\\/Featured-Image-9-Safety-2.jpg\",\"datePublished\":\"2024-04-26T17:32:10+00:00\",\"dateModified\":\"2024-04-26T17:32:12+00:00\",\"breadcrumb\":{\"@id\":\"https:\\\/\\\/www-dev.abcsupply.ca\\\/fr-ca\\\/services\\\/securite-et-conformite\\\/#breadcrumb\"},\"inLanguage\":\"fr-CA\",\"potentialAction\":[{\"@type\":\"ReadAction\",\"target\":[\"https:\\\/\\\/www-dev.abcsupply.ca\\\/fr-ca\\\/services\\\/securite-et-conformite\\\/\"]}]},{\"@type\":\"ImageObject\",\"inLanguage\":\"fr-CA\",\"@id\":\"https:\\\/\\\/www-dev.abcsupply.ca\\\/fr-ca\\\/services\\\/securite-et-conformite\\\/#primaryimage\",\"url\":\"https:\\\/\\\/www-dev.abcsupply.ca\\\/wp-content\\\/uploads\\\/2024\\\/07\\\/Featured-Image-9-Safety-2.jpg\",\"contentUrl\":\"https:\\\/\\\/www-dev.abcsupply.ca\\\/wp-content\\\/uploads\\\/2024\\\/07\\\/Featured-Image-9-Safety-2.jpg\",\"width\":1200,\"height\":383},{\"@type\":\"BreadcrumbList\",\"@id\":\"https:\\\/\\\/www-dev.abcsupply.ca\\\/fr-ca\\\/services\\\/securite-et-conformite\\\/#breadcrumb\",\"itemListElement\":[{\"@type\":\"ListItem\",\"position\":1,\"name\":\"Home\",\"item\":\"https:\\\/\\\/www-dev.abcsupply.ca\\\/fr-ca\\\/\"},{\"@type\":\"ListItem\",\"position\":2,\"name\":\"Services\",\"item\":\"https:\\\/\\\/www-dev.abcsupply.ca\\\/fr-ca\\\/services\\\/\"},{\"@type\":\"ListItem\",\"position\":3,\"name\":\"S\u00e9curit\u00e9 et conformit\u00e9\"}]},{\"@type\":\"WebSite\",\"@id\":\"https:\\\/\\\/www-dev.abcsupply.ca\\\/fr-ca\\\/#website\",\"url\":\"https:\\\/\\\/www-dev.abcsupply.ca\\\/fr-ca\\\/\",\"name\":\"ABC Supply\",\"description\":\"Built On A Foundation Of Respect\",\"potentialAction\":[{\"@type\":\"SearchAction\",\"target\":{\"@type\":\"EntryPoint\",\"urlTemplate\":\"https:\\\/\\\/www-dev.abcsupply.ca\\\/fr-ca\\\/?s={search_term_string}\"},\"query-input\":{\"@type\":\"PropertyValueSpecification\",\"valueRequired\":true,\"valueName\":\"search_term_string\"}}],\"inLanguage\":\"fr-CA\"}]}<\/script>\n<!-- \/ Yoast SEO plugin. -->","yoast_head_json":{"title":"S\u00e9curit\u00e9 et conformit\u00e9 - ABC Supply","robots":{"index":"noindex","follow":"follow","max-snippet":"max-snippet:-1","max-image-preview":"max-image-preview:large","max-video-preview":"max-video-preview:-1"},"og_locale":"fr_CA","og_type":"article","og_title":"S\u00e9curit\u00e9 et conformit\u00e9 - ABC Supply","og_description":"&#13; Safety First And Always &#13; &#13; Since safety is one of your top priorities, we\u2019re committed to preventing accidents, training employees and adhering to [&hellip;]","og_url":"https:\/\/www-dev.abcsupply.ca\/fr-ca\/services\/securite-et-conformite\/","og_site_name":"ABC Supply","article_modified_time":"2024-04-26T17:32:12+00:00","og_image":[{"width":1200,"height":383,"url":"https:\/\/www-dev.abcsupply.ca\/wp-content\/uploads\/2024\/07\/Featured-Image-9-Safety-2.jpg","type":"image\/jpeg"}],"twitter_card":"summary_large_image","schema":{"@context":"https:\/\/schema.org","@graph":[{"@type":"WebPage","@id":"https:\/\/www-dev.abcsupply.ca\/fr-ca\/services\/securite-et-conformite\/","url":"https:\/\/www-dev.abcsupply.ca\/fr-ca\/services\/securite-et-conformite\/","name":"S\u00e9curit\u00e9 et conformit\u00e9 - ABC Supply","isPartOf":{"@id":"https:\/\/www-dev.abcsupply.ca\/fr-ca\/#website"},"primaryImageOfPage":{"@id":"https:\/\/www-dev.abcsupply.ca\/fr-ca\/services\/securite-et-conformite\/#primaryimage"},"image":{"@id":"https:\/\/www-dev.abcsupply.ca\/fr-ca\/services\/securite-et-conformite\/#primaryimage"},"thumbnailUrl":"https:\/\/www-dev.abcsupply.ca\/wp-content\/uploads\/2024\/07\/Featured-Image-9-Safety-2.jpg","datePublished":"2024-04-26T17:32:10+00:00","dateModified":"2024-04-26T17:32:12+00:00","breadcrumb":{"@id":"https:\/\/www-dev.abcsupply.ca\/fr-ca\/services\/securite-et-conformite\/#breadcrumb"},"inLanguage":"fr-CA","potentialAction":[{"@type":"ReadAction","target":["https:\/\/www-dev.abcsupply.ca\/fr-ca\/services\/securite-et-conformite\/"]}]},{"@type":"ImageObject","inLanguage":"fr-CA","@id":"https:\/\/www-dev.abcsupply.ca\/fr-ca\/services\/securite-et-conformite\/#primaryimage","url":"https:\/\/www-dev.abcsupply.ca\/wp-content\/uploads\/2024\/07\/Featured-Image-9-Safety-2.jpg","contentUrl":"https:\/\/www-dev.abcsupply.ca\/wp-content\/uploads\/2024\/07\/Featured-Image-9-Safety-2.jpg","width":1200,"height":383},{"@type":"BreadcrumbList","@id":"https:\/\/www-dev.abcsupply.ca\/fr-ca\/services\/securite-et-conformite\/#breadcrumb","itemListElement":[{"@type":"ListItem","position":1,"name":"Home","item":"https:\/\/www-dev.abcsupply.ca\/fr-ca\/"},{"@type":"ListItem","position":2,"name":"Services","item":"https:\/\/www-dev.abcsupply.ca\/fr-ca\/services\/"},{"@type":"ListItem","position":3,"name":"S\u00e9curit\u00e9 et conformit\u00e9"}]},{"@type":"WebSite","@id":"https:\/\/www-dev.abcsupply.ca\/fr-ca\/#website","url":"https:\/\/www-dev.abcsupply.ca\/fr-ca\/","name":"ABC Supply","description":"Built On A Foundation Of Respect","potentialAction":[{"@type":"SearchAction","target":{"@type":"EntryPoint","urlTemplate":"https:\/\/www-dev.abcsupply.ca\/fr-ca\/?s={search_term_string}"},"query-input":{"@type":"PropertyValueSpecification","valueRequired":true,"valueName":"search_term_string"}}],"inLanguage":"fr-CA"}]}},"_links":{"self":[{"href":"https:\/\/www-dev.abcsupply.ca\/fr-ca\/wp-json\/wp\/v2\/pages\/10969","targetHints":{"allow":["GET"]}}],"collection":[{"href":"https:\/\/www-dev.abcsupply.ca\/fr-ca\/wp-json\/wp\/v2\/pages"}],"about":[{"href":"https:\/\/www-dev.abcsupply.ca\/fr-ca\/wp-json\/wp\/v2\/types\/page"}],"author":[{"embeddable":true,"href":"https:\/\/www-dev.abcsupply.ca\/fr-ca\/wp-json\/wp\/v2\/users\/1"}],"replies":[{"embeddable":true,"href":"https:\/\/www-dev.abcsupply.ca\/fr-ca\/wp-json\/wp\/v2\/comments?post=10969"}],"version-history":[{"count":0,"href":"https:\/\/www-dev.abcsupply.ca\/fr-ca\/wp-json\/wp\/v2\/pages\/10969\/revisions"}],"up":[{"embeddable":true,"href":"https:\/\/www-dev.abcsupply.ca\/fr-ca\/wp-json\/wp\/v2\/pages\/10716"}],"wp:featuredmedia":[{"embeddable":true,"href":"https:\/\/www-dev.abcsupply.ca\/fr-ca\/wp-json\/wp\/v2\/media\/11304"}],"wp:attachment":[{"href":"https:\/\/www-dev.abcsupply.ca\/fr-ca\/wp-json\/wp\/v2\/media?parent=10969"}],"curies":[{"name":"wp","href":"https:\/\/api.w.org\/{rel}","templated":true}]}}