{"id":10964,"date":"2024-04-26T12:14:35","date_gmt":"2024-04-26T17:14:35","guid":{"rendered":"https:\/\/abcsupply.ca\/produits\/fenetres-et-portes\/lumieres-du-ciel\/"},"modified":"2024-04-26T12:14:35","modified_gmt":"2024-04-26T17:14:35","slug":"lumieres-du-ciel","status":"publish","type":"page","link":"https:\/\/www-dev.abcsupply.ca\/fr-ca\/produits\/fenetres-et-portes\/lumieres-du-ciel\/","title":{"rendered":"Lumi\u00e8res du ciel"},"content":{"rendered":"<p>ABC Supply est un distributeur en gros de produits de puits de lumi\u00e8re, qui peuvent \u00eatre connus sous le nom de produits de lumi\u00e8re du ciel, tunnels du ciel ou fen\u00eatres de toit.<\/p>\n","protected":false},"excerpt":{"rendered":"<p>ABC Supply est un distributeur en gros de produits de puits de lumi\u00e8re, qui peuvent \u00eatre connus sous le nom de produits de lumi\u00e8re du [&hellip;]<\/p>\n","protected":false},"author":1,"featured_media":0,"parent":10960,"menu_order":0,"comment_status":"closed","ping_status":"closed","template":"page-manufacturers.php","meta":{"_acf_changed":false,"inline_featured_image":false,"footnotes":""},"class_list":["post-10964","page","type-page","status-publish","hentry"],"acf":[],"yoast_head":"<!-- This site is optimized with the Yoast SEO plugin v27.5 - https:\/\/yoast.com\/product\/yoast-seo-wordpress\/ -->\n<title>Lumi\u00e8res du ciel - ABC Supply<\/title>\n<meta name=\"robots\" content=\"noindex, follow, max-snippet:-1, max-image-preview:large, max-video-preview:-1\" \/>\n<meta property=\"og:locale\" content=\"fr_CA\" \/>\n<meta property=\"og:type\" content=\"article\" \/>\n<meta property=\"og:title\" content=\"Lumi\u00e8res du ciel - ABC Supply\" \/>\n<meta property=\"og:description\" content=\"ABC Supply est un distributeur en gros de produits de puits de lumi\u00e8re, qui peuvent \u00eatre connus sous le nom de produits de lumi\u00e8re du [&hellip;]\" \/>\n<meta property=\"og:url\" content=\"https:\/\/www-dev.abcsupply.ca\/fr-ca\/produits\/fenetres-et-portes\/lumieres-du-ciel\/\" \/>\n<meta property=\"og:site_name\" content=\"ABC Supply\" \/>\n<meta name=\"twitter:card\" content=\"summary_large_image\" \/>\n<script type=\"application\/ld+json\" class=\"yoast-schema-graph\">{\"@context\":\"https:\\\/\\\/schema.org\",\"@graph\":[{\"@type\":\"WebPage\",\"@id\":\"https:\\\/\\\/www-dev.abcsupply.ca\\\/fr-ca\\\/produits\\\/fenetres-et-portes\\\/lumieres-du-ciel\\\/\",\"url\":\"https:\\\/\\\/www-dev.abcsupply.ca\\\/fr-ca\\\/produits\\\/fenetres-et-portes\\\/lumieres-du-ciel\\\/\",\"name\":\"Lumi\u00e8res du ciel - ABC Supply\",\"isPartOf\":{\"@id\":\"https:\\\/\\\/www-dev.abcsupply.ca\\\/fr-ca\\\/#website\"},\"datePublished\":\"2024-04-26T17:14:35+00:00\",\"breadcrumb\":{\"@id\":\"https:\\\/\\\/www-dev.abcsupply.ca\\\/fr-ca\\\/produits\\\/fenetres-et-portes\\\/lumieres-du-ciel\\\/#breadcrumb\"},\"inLanguage\":\"fr-CA\",\"potentialAction\":[{\"@type\":\"ReadAction\",\"target\":[\"https:\\\/\\\/www-dev.abcsupply.ca\\\/fr-ca\\\/produits\\\/fenetres-et-portes\\\/lumieres-du-ciel\\\/\"]}]},{\"@type\":\"BreadcrumbList\",\"@id\":\"https:\\\/\\\/www-dev.abcsupply.ca\\\/fr-ca\\\/produits\\\/fenetres-et-portes\\\/lumieres-du-ciel\\\/#breadcrumb\",\"itemListElement\":[{\"@type\":\"ListItem\",\"position\":1,\"name\":\"Home\",\"item\":\"https:\\\/\\\/www-dev.abcsupply.ca\\\/fr-ca\\\/\"},{\"@type\":\"ListItem\",\"position\":2,\"name\":\"Produits\",\"item\":\"https:\\\/\\\/www-dev.abcsupply.ca\\\/fr-ca\\\/produits\\\/\"},{\"@type\":\"ListItem\",\"position\":3,\"name\":\"Fen\u00eatres et portes\",\"item\":\"https:\\\/\\\/www-dev.abcsupply.ca\\\/fr-ca\\\/produits\\\/fenetres-et-portes\\\/\"},{\"@type\":\"ListItem\",\"position\":4,\"name\":\"Lumi\u00e8res du ciel\"}]},{\"@type\":\"WebSite\",\"@id\":\"https:\\\/\\\/www-dev.abcsupply.ca\\\/fr-ca\\\/#website\",\"url\":\"https:\\\/\\\/www-dev.abcsupply.ca\\\/fr-ca\\\/\",\"name\":\"ABC Supply\",\"description\":\"Built On A Foundation Of Respect\",\"potentialAction\":[{\"@type\":\"SearchAction\",\"target\":{\"@type\":\"EntryPoint\",\"urlTemplate\":\"https:\\\/\\\/www-dev.abcsupply.ca\\\/fr-ca\\\/?s={search_term_string}\"},\"query-input\":{\"@type\":\"PropertyValueSpecification\",\"valueRequired\":true,\"valueName\":\"search_term_string\"}}],\"inLanguage\":\"fr-CA\"}]}<\/script>\n<!-- \/ Yoast SEO plugin. -->","yoast_head_json":{"title":"Lumi\u00e8res du ciel - ABC Supply","robots":{"index":"noindex","follow":"follow","max-snippet":"max-snippet:-1","max-image-preview":"max-image-preview:large","max-video-preview":"max-video-preview:-1"},"og_locale":"fr_CA","og_type":"article","og_title":"Lumi\u00e8res du ciel - ABC Supply","og_description":"ABC Supply est un distributeur en gros de produits de puits de lumi\u00e8re, qui peuvent \u00eatre connus sous le nom de produits de lumi\u00e8re du [&hellip;]","og_url":"https:\/\/www-dev.abcsupply.ca\/fr-ca\/produits\/fenetres-et-portes\/lumieres-du-ciel\/","og_site_name":"ABC Supply","twitter_card":"summary_large_image","schema":{"@context":"https:\/\/schema.org","@graph":[{"@type":"WebPage","@id":"https:\/\/www-dev.abcsupply.ca\/fr-ca\/produits\/fenetres-et-portes\/lumieres-du-ciel\/","url":"https:\/\/www-dev.abcsupply.ca\/fr-ca\/produits\/fenetres-et-portes\/lumieres-du-ciel\/","name":"Lumi\u00e8res du ciel - ABC Supply","isPartOf":{"@id":"https:\/\/www-dev.abcsupply.ca\/fr-ca\/#website"},"datePublished":"2024-04-26T17:14:35+00:00","breadcrumb":{"@id":"https:\/\/www-dev.abcsupply.ca\/fr-ca\/produits\/fenetres-et-portes\/lumieres-du-ciel\/#breadcrumb"},"inLanguage":"fr-CA","potentialAction":[{"@type":"ReadAction","target":["https:\/\/www-dev.abcsupply.ca\/fr-ca\/produits\/fenetres-et-portes\/lumieres-du-ciel\/"]}]},{"@type":"BreadcrumbList","@id":"https:\/\/www-dev.abcsupply.ca\/fr-ca\/produits\/fenetres-et-portes\/lumieres-du-ciel\/#breadcrumb","itemListElement":[{"@type":"ListItem","position":1,"name":"Home","item":"https:\/\/www-dev.abcsupply.ca\/fr-ca\/"},{"@type":"ListItem","position":2,"name":"Produits","item":"https:\/\/www-dev.abcsupply.ca\/fr-ca\/produits\/"},{"@type":"ListItem","position":3,"name":"Fen\u00eatres et portes","item":"https:\/\/www-dev.abcsupply.ca\/fr-ca\/produits\/fenetres-et-portes\/"},{"@type":"ListItem","position":4,"name":"Lumi\u00e8res du ciel"}]},{"@type":"WebSite","@id":"https:\/\/www-dev.abcsupply.ca\/fr-ca\/#website","url":"https:\/\/www-dev.abcsupply.ca\/fr-ca\/","name":"ABC Supply","description":"Built On A Foundation Of Respect","potentialAction":[{"@type":"SearchAction","target":{"@type":"EntryPoint","urlTemplate":"https:\/\/www-dev.abcsupply.ca\/fr-ca\/?s={search_term_string}"},"query-input":{"@type":"PropertyValueSpecification","valueRequired":true,"valueName":"search_term_string"}}],"inLanguage":"fr-CA"}]}},"_links":{"self":[{"href":"https:\/\/www-dev.abcsupply.ca\/fr-ca\/wp-json\/wp\/v2\/pages\/10964","targetHints":{"allow":["GET"]}}],"collection":[{"href":"https:\/\/www-dev.abcsupply.ca\/fr-ca\/wp-json\/wp\/v2\/pages"}],"about":[{"href":"https:\/\/www-dev.abcsupply.ca\/fr-ca\/wp-json\/wp\/v2\/types\/page"}],"author":[{"embeddable":true,"href":"https:\/\/www-dev.abcsupply.ca\/fr-ca\/wp-json\/wp\/v2\/users\/1"}],"replies":[{"embeddable":true,"href":"https:\/\/www-dev.abcsupply.ca\/fr-ca\/wp-json\/wp\/v2\/comments?post=10964"}],"version-history":[{"count":0,"href":"https:\/\/www-dev.abcsupply.ca\/fr-ca\/wp-json\/wp\/v2\/pages\/10964\/revisions"}],"up":[{"embeddable":true,"href":"https:\/\/www-dev.abcsupply.ca\/fr-ca\/wp-json\/wp\/v2\/pages\/10960"}],"wp:attachment":[{"href":"https:\/\/www-dev.abcsupply.ca\/fr-ca\/wp-json\/wp\/v2\/media?parent=10964"}],"curies":[{"name":"wp","href":"https:\/\/api.w.org\/{rel}","templated":true}]}}